{"id":1413,"date":"2018-11-27T09:17:28","date_gmt":"2018-11-27T08:17:28","guid":{"rendered":"https:\/\/www.assotartufai.it\/?page_id=1413"},"modified":"2025-06-18T17:34:30","modified_gmt":"2025-06-18T15:34:30","slug":"blog","status":"publish","type":"page","link":"https:\/\/www.assotartufai.it\/en\/blog\/","title":{"rendered":"Blog"},"content":{"rendered":"\r\n<h1>Blog<\/h1>\r\n<h2>Rassegna Stampa<\/h2>\r\n<p>Le ultime notizie dal mondo del tartufo<\/p>\r\n<p><a title=\"TARTUFAIE CONTROLLATE E TARTUFAIE COLTIVATE: LA NOSTRA POSIZIONE.\" href=\"https:\/\/www.assotartufai.it\/tartufaie-controllate-e-tartufaie-coltivate-la-nostra-posizione-2\/\" target=\"_self\" rel=\"noopener\"> <img decoding=\"async\" src=\"https:\/\/www.assotartufai.it\/wp-content\/uploads\/15025530_200506543691316_2138154758248181152_o_200506543691316.jpg\" alt=\"\" \/> <\/a><\/p>\r\n<h3><a tabindex=\"0\" title=\"TARTUFAIE CONTROLLATE E TARTUFAIE COLTIVATE: LA NOSTRA POSIZIONE.\" href=\"https:\/\/www.assotartufai.it\/tartufaie-controllate-e-tartufaie-coltivate-la-nostra-posizione-2\/\">TARTUFAIE CONTROLLATE E TARTUFAIE COLTIVATE: LA NOSTRA POSIZIONE.<\/a><\/h3>\r\n<h5>21 Gennaio 2021<\/h5>\r\n<p>qualcuno fa il furbo ( POCHI MA SEMPRE GLI STESSI) e sapendo di essere nel torto puntualmente risponde &#8230; <a href=\"https:\/\/www.assotartufai.it\/tartufaie-controllate-e-tartufaie-coltivate-la-nostra-posizione-2\/\" target=\"_self\" rel=\"noopener\">Leggi tutto \u2192<\/a> <a title=\"L'ENTE PARCO E LA REGIONE PUGLIA NON VOGLIONO METTERE A DISPOSIZIONE DELLA COMUNITA' LA RISORSA TARTUFO.\" href=\"https:\/\/www.assotartufai.it\/lente-parco-e-la-regione-puglia-non-vogliono-mettere-a-disposizione-della-comunita-la-risorsa-tartufo-2\/\" target=\"_self\" rel=\"noopener\"> <img decoding=\"async\" src=\"https:\/\/www.assotartufai.it\/wp-content\/uploads\/81882838_757299704678661_6472826984236843008_n_757299701345328-1.jpg\" alt=\"\" \/> <\/a><\/p>\r\n<h3><a tabindex=\"0\" title=\"L'ENTE PARCO E LA REGIONE PUGLIA NON VOGLIONO METTERE A DISPOSIZIONE DELLA COMUNITA' LA RISORSA TARTUFO.\" href=\"https:\/\/www.assotartufai.it\/lente-parco-e-la-regione-puglia-non-vogliono-mettere-a-disposizione-della-comunita-la-risorsa-tartufo-2\/\">L&#8217;ENTE PARCO E LA REGIONE PUGLIA NON VOGLIONO METTERE A DISPOSIZIONE DELLA COMUNITA&#8217; LA RISORSA TARTUFO.<\/a><\/h3>\r\n<h5>21 Gennaio 2021<\/h5>\r\n<p>Non ci interessa di chi \u00e8 la responsabilit\u00e0 il fatto \u00e8 che non si vuole riconoscere che la &#8230; <a href=\"https:\/\/www.assotartufai.it\/lente-parco-e-la-regione-puglia-non-vogliono-mettere-a-disposizione-della-comunita-la-risorsa-tartufo-2\/\" target=\"_self\" rel=\"noopener\">Leggi tutto \u2192<\/a> <a title=\"6-7-8 MARZO 2020 RADUNO DI PRIMAVERA.\" href=\"https:\/\/www.assotartufai.it\/6-7-8-marzo-2020-raduno-di-primavera\/\" target=\"_self\" rel=\"noopener\"> <img decoding=\"async\" src=\"https:\/\/www.assotartufai.it\/wp-content\/uploads\/83091679_762465274162104_4328830939875508224_o_762465270828771.jpg\" alt=\"Raduno tartufai\" \/> <\/a><\/p>\r\n<h3><a tabindex=\"0\" title=\"6-7-8 MARZO 2020 RADUNO DI PRIMAVERA.\" href=\"https:\/\/www.assotartufai.it\/6-7-8-marzo-2020-raduno-di-primavera\/\">6-7-8 MARZO 2020 RADUNO DI PRIMAVERA.<\/a><\/h3>\r\n<h5>21 Gennaio 2021<\/h5>\r\n<p>Ciao a tutti,come ogni anno anche quest&#8217;anno facciamo il nostro raduno presso il residence la canova a marina &#8230; <a href=\"https:\/\/www.assotartufai.it\/6-7-8-marzo-2020-raduno-di-primavera\/\" target=\"_self\" rel=\"noopener\">Leggi tutto \u2192<\/a> <a title=\"Richiesta urgente di chiarimenti e audizione in via telematica sull'attivit\u00e0 della cerca del tartufo.\" href=\"https:\/\/www.assotartufai.it\/richiesta-urgente-di-chiarimenti-e-audizione-in-via-telematica-sullattivita-della-cerca-del-tartufo\/\" target=\"_self\" rel=\"noopener\"> <img decoding=\"async\" src=\"https:\/\/www.assotartufai.it\/wp-content\/uploads\/61976307_613031659105467_3699509950591008768_o_613031642438802-1.jpg\" alt=\"Associazione nazionale tartufai italiani\" \/> <\/a><\/p>\r\n<h3><a tabindex=\"0\" title=\"Richiesta urgente di chiarimenti e audizione in via telematica sull'attivit\u00e0 della cerca del tartufo.\" href=\"https:\/\/www.assotartufai.it\/richiesta-urgente-di-chiarimenti-e-audizione-in-via-telematica-sullattivita-della-cerca-del-tartufo\/\">Richiesta urgente di chiarimenti e audizione in via telematica sull&#8217;attivit\u00e0 della cerca del tartufo.<\/a><\/h3>\r\n<h5>21 Gennaio 2021<\/h5>\r\n<p>Al Presidente del Consiglio dei Ministri Giuseppe Contepresidente@pec.governo.it Al Ministro della Salute Roberto Speranzagab@postacert.sanita.it, Al Ministro dell&#8217;AgricolturaTeresa Bellanovaministro@pec.politicheagricole.gov.it,Al &#8230; <a href=\"https:\/\/www.assotartufai.it\/richiesta-urgente-di-chiarimenti-e-audizione-in-via-telematica-sullattivita-della-cerca-del-tartufo\/\" target=\"_self\" rel=\"noopener\">Leggi tutto \u2192<\/a> <a title=\"Ulteriore richiesta per apertura stagione Regione Lazio inviata ai seguenti indirizzi istituzionali.\" href=\"https:\/\/www.assotartufai.it\/ulteriore-richiesta-per-apertura-stagione-regione-lazio-inviata-ai-seguenti-indirizzi-istituzionali\/\" target=\"_self\" rel=\"noopener\"> <img decoding=\"async\" src=\"https:\/\/www.assotartufai.it\/wp-content\/uploads\/86310846_781583422250289_1812168073663217664_n_781583418916956.jpg\" alt=\"\" \/> <\/a><\/p>\r\n<h3><a tabindex=\"0\" title=\"Ulteriore richiesta per apertura stagione Regione Lazio inviata ai seguenti indirizzi istituzionali.\" href=\"https:\/\/www.assotartufai.it\/ulteriore-richiesta-per-apertura-stagione-regione-lazio-inviata-ai-seguenti-indirizzi-istituzionali\/\">Ulteriore richiesta per apertura stagione Regione Lazio inviata ai seguenti indirizzi istituzionali.<\/a><\/h3>\r\n<h5>21 Gennaio 2021<\/h5>\r\n<p>Spett.liNicola Zingaretti Governatore Regione LazioEnrica Onorati Assessore agricoltura e ambienteMauro Buschini Presidente consiglio regionalecapigruppo:Vincenzi Marco PDBonafoni Marta lista &#8230; <a href=\"https:\/\/www.assotartufai.it\/ulteriore-richiesta-per-apertura-stagione-regione-lazio-inviata-ai-seguenti-indirizzi-istituzionali\/\" target=\"_self\" rel=\"noopener\">Leggi tutto \u2192<\/a> <a title=\"Basta abusi, si alla libera cerca, i Sindaci dei Comuni pensassero ad altro e ritirassero subito le delibere ignobili ed anticostituzionali.\" href=\"https:\/\/www.assotartufai.it\/basta-abusi-si-alla-libera-cerca-i-sindaci-dei-comuni-pensassero-ad-altro-e-ritirassero-subito-le-delibere-ignobili-ed-anticostituzionali\/\" target=\"_self\" rel=\"noopener\"> <img decoding=\"async\" src=\"https:\/\/www.assotartufai.it\/wp-content\/uploads\/123904071_956984161376880_8432990603744382104_n_956984158043547.jpg\" alt=\"\" \/> <\/a><\/p>\r\n<h3><a tabindex=\"0\" title=\"Basta abusi, si alla libera cerca, i Sindaci dei Comuni pensassero ad altro e ritirassero subito le delibere ignobili ed anticostituzionali.\" href=\"https:\/\/www.assotartufai.it\/basta-abusi-si-alla-libera-cerca-i-sindaci-dei-comuni-pensassero-ad-altro-e-ritirassero-subito-le-delibere-ignobili-ed-anticostituzionali\/\">Basta abusi, si alla libera cerca, i Sindaci dei Comuni pensassero ad altro e ritirassero subito le delibere ignobili ed anticostituzionali.<\/a><\/h3>\r\n<h5>21 Gennaio 2021<\/h5>\r\n<p>Ai tartufai della Basilicata dell&#8217;associazione nazionale tartufai italiani arriva il sostegno dei nostri dell&#8217;associazione della Puglia. Alla prefettura &#8230; <a href=\"https:\/\/www.assotartufai.it\/basta-abusi-si-alla-libera-cerca-i-sindaci-dei-comuni-pensassero-ad-altro-e-ritirassero-subito-le-delibere-ignobili-ed-anticostituzionali\/\" target=\"_self\" rel=\"noopener\">Leggi tutto \u2192<\/a><\/p>\r\n","protected":false},"excerpt":{"rendered":"<p>Blog Rassegna Stampa Le ultime notizie dal mondo del tartufo TARTUFAIE CONTROLLATE E TARTUFAIE COLTIVATE: LA NOSTRA POSIZIONE. 21 Gennaio 2021 qualcuno fa il furbo ( POCHI MA SEMPRE GLI STESSI) e sapendo di essere nel torto puntualmente risponde &#8230; Leggi tutto \u2192 L&#8217;ENTE PARCO E LA REGIONE PUGLIA NON VOGLIONO METTERE A DISPOSIZIONE DELLA [&hellip;]<\/p>\n","protected":false},"author":2,"featured_media":0,"parent":0,"menu_order":0,"comment_status":"closed","ping_status":"closed","template":"","meta":{"site-sidebar-layout":"no-sidebar","site-content-layout":"page-builder","ast-site-content-layout":"full-width-container","site-content-style":"unboxed","site-sidebar-style":"unboxed","ast-global-header-display":"","ast-banner-title-visibility":"","ast-main-header-display":"","ast-hfb-above-header-display":"","ast-hfb-below-header-display":"","ast-hfb-mobile-header-display":"","site-post-title":"disabled","ast-breadcrumbs-content":"","ast-featured-img":"disabled","footer-sml-layout":"","ast-disable-related-posts":"","theme-transparent-header-meta":"enabled","adv-header-id-meta":"","stick-header-meta":"","header-above-stick-meta":"","header-main-stick-meta":"","header-below-stick-meta":"","astra-migrate-meta-layouts":"set","ast-page-background-enabled":"default","ast-page-background-meta":{"desktop":{"background-color":"","background-image":"","background-repeat":"repeat","background-position":"center center","background-size":"auto","background-attachment":"scroll","background-type":"","background-media":"","overlay-type":"","overlay-color":"","overlay-opacity":"","overlay-gradient":""},"tablet":{"background-color":"","background-image":"","background-repeat":"repeat","background-position":"center center","background-size":"auto","background-attachment":"scroll","background-type":"","background-media":"","overlay-type":"","overlay-color":"","overlay-opacity":"","overlay-gradient":""},"mobile":{"background-color":"","background-image":"","background-repeat":"repeat","background-position":"center center","background-size":"auto","background-attachment":"scroll","background-type":"","background-media":"","overlay-type":"","overlay-color":"","overlay-opacity":"","overlay-gradient":""}},"ast-content-background-meta":{"desktop":{"background-color":"var(--ast-global-color-5)","background-image":"","background-repeat":"repeat","background-position":"center center","background-size":"auto","background-attachment":"scroll","background-type":"","background-media":"","overlay-type":"","overlay-color":"","overlay-opacity":"","overlay-gradient":""},"tablet":{"background-color":"var(--ast-global-color-5)","background-image":"","background-repeat":"repeat","background-position":"center center","background-size":"auto","background-attachment":"scroll","background-type":"","background-media":"","overlay-type":"","overlay-color":"","overlay-opacity":"","overlay-gradient":""},"mobile":{"background-color":"var(--ast-global-color-5)","background-image":"","background-repeat":"repeat","background-position":"center center","background-size":"auto","background-attachment":"scroll","background-type":"","background-media":"","overlay-type":"","overlay-color":"","overlay-opacity":"","overlay-gradient":""}},"footnotes":""},"_links":{"self":[{"href":"https:\/\/www.assotartufai.it\/en\/wp-json\/wp\/v2\/pages\/1413"}],"collection":[{"href":"https:\/\/www.assotartufai.it\/en\/wp-json\/wp\/v2\/pages"}],"about":[{"href":"https:\/\/www.assotartufai.it\/en\/wp-json\/wp\/v2\/types\/page"}],"author":[{"embeddable":true,"href":"https:\/\/www.assotartufai.it\/en\/wp-json\/wp\/v2\/users\/2"}],"replies":[{"embeddable":true,"href":"https:\/\/www.assotartufai.it\/en\/wp-json\/wp\/v2\/comments?post=1413"}],"version-history":[{"count":5,"href":"https:\/\/www.assotartufai.it\/en\/wp-json\/wp\/v2\/pages\/1413\/revisions"}],"predecessor-version":[{"id":1765,"href":"https:\/\/www.assotartufai.it\/en\/wp-json\/wp\/v2\/pages\/1413\/revisions\/1765"}],"wp:attachment":[{"href":"https:\/\/www.assotartufai.it\/en\/wp-json\/wp\/v2\/media?parent=1413"}],"curies":[{"name":"wp","href":"https:\/\/api.w.org\/{rel}","templated":true}]}}